{"id":998,"date":"2021-04-16T09:46:32","date_gmt":"2021-04-16T07:46:32","guid":{"rendered":"https:\/\/www.transitieboxtel.nl\/?page_id=998"},"modified":"2022-05-10T15:57:31","modified_gmt":"2022-05-10T13:57:31","slug":"een-duurzaam-jaar","status":"publish","type":"page","link":"https:\/\/www.transitieboxtel.nl\/?page_id=998","title":{"rendered":"Een Duurzaam Jaar"},"content":{"rendered":"<h2><u>Van de \u2018Dag van de Duurzaamheid\u2019 naar een \u2018Duurzaam Jaar\u2019<\/u><\/h2>\n<p>Eerst organiseerden we als Transitie Boxtel een aantal jaren de \u2018Dag van de Duurzaamheid\u2019. Dat was steeds op 10 oktober, landelijk door Urgenda voorgesteld. Maar na een aantal jaren gingen we er de \u2018Duurzame Week Boxtel\u2019 van maken, met een zeer divers programma met o.a. lessen op scholen, film, debat, een markt en plant-activiteiten. Begin 2000 kregen we een bijzondere kalender van IVN met de titel \u2018Een Duurzaam Jaar\u2019. We kregen permissie de teksten en foto\u2019s te gebruiken om daarmee eens in de maand een stuk in De Meierij te plaatsen. En zo zijn we in de corona-periode om beurten aan de slag gegaan om de teksten met een Boxtels tintje te publiceren. Intussen is het gelukkig voor velen wel duidelijk geworden dat we niet \u00e9\u00e9n dag, niet \u00e9\u00e9n week maar het hele jaar door samen moeten werken aan een rechtvaardige samenleving op een gezonde planeet!<\/p>\n<p><img data-recalc-dims=\"1\" loading=\"lazy\" decoding=\"async\" class=\"alignnone size-full wp-image-1404\" src=\"https:\/\/i0.wp.com\/www.transitieboxtel.nl\/wp-content\/uploads\/2022\/05\/26febr2020-scaled.jpg?resize=625%2C431&#038;ssl=1\" alt=\"\" width=\"625\" height=\"431\" srcset=\"https:\/\/i0.wp.com\/www.transitieboxtel.nl\/wp-content\/uploads\/2022\/05\/26febr2020-scaled.jpg?w=2560&amp;ssl=1 2560w, https:\/\/i0.wp.com\/www.transitieboxtel.nl\/wp-content\/uploads\/2022\/05\/26febr2020-scaled.jpg?resize=300%2C207&amp;ssl=1 300w, https:\/\/i0.wp.com\/www.transitieboxtel.nl\/wp-content\/uploads\/2022\/05\/26febr2020-scaled.jpg?resize=1024%2C707&amp;ssl=1 1024w, https:\/\/i0.wp.com\/www.transitieboxtel.nl\/wp-content\/uploads\/2022\/05\/26febr2020-scaled.jpg?resize=768%2C530&amp;ssl=1 768w, https:\/\/i0.wp.com\/www.transitieboxtel.nl\/wp-content\/uploads\/2022\/05\/26febr2020-scaled.jpg?resize=1536%2C1060&amp;ssl=1 1536w, https:\/\/i0.wp.com\/www.transitieboxtel.nl\/wp-content\/uploads\/2022\/05\/26febr2020-scaled.jpg?resize=2048%2C1413&amp;ssl=1 2048w, https:\/\/i0.wp.com\/www.transitieboxtel.nl\/wp-content\/uploads\/2022\/05\/26febr2020-scaled.jpg?resize=624%2C431&amp;ssl=1 624w, https:\/\/i0.wp.com\/www.transitieboxtel.nl\/wp-content\/uploads\/2022\/05\/26febr2020-scaled.jpg?w=1250&amp;ssl=1 1250w, https:\/\/i0.wp.com\/www.transitieboxtel.nl\/wp-content\/uploads\/2022\/05\/26febr2020-scaled.jpg?w=1875&amp;ssl=1 1875w\" sizes=\"auto, (max-width: 625px) 100vw, 625px\" \/><\/p>\n<p><img data-recalc-dims=\"1\" loading=\"lazy\" decoding=\"async\" class=\"alignnone size-full wp-image-1401\" src=\"https:\/\/i0.wp.com\/www.transitieboxtel.nl\/wp-content\/uploads\/2022\/05\/20mei2020-scaled.jpg?resize=625%2C430&#038;ssl=1\" alt=\"\" width=\"625\" height=\"430\" srcset=\"https:\/\/i0.wp.com\/www.transitieboxtel.nl\/wp-content\/uploads\/2022\/05\/20mei2020-scaled.jpg?w=2560&amp;ssl=1 2560w, https:\/\/i0.wp.com\/www.transitieboxtel.nl\/wp-content\/uploads\/2022\/05\/20mei2020-scaled.jpg?resize=300%2C206&amp;ssl=1 300w, https:\/\/i0.wp.com\/www.transitieboxtel.nl\/wp-content\/uploads\/2022\/05\/20mei2020-scaled.jpg?resize=1024%2C705&amp;ssl=1 1024w, https:\/\/i0.wp.com\/www.transitieboxtel.nl\/wp-content\/uploads\/2022\/05\/20mei2020-scaled.jpg?resize=768%2C529&amp;ssl=1 768w, https:\/\/i0.wp.com\/www.transitieboxtel.nl\/wp-content\/uploads\/2022\/05\/20mei2020-scaled.jpg?resize=1536%2C1057&amp;ssl=1 1536w, https:\/\/i0.wp.com\/www.transitieboxtel.nl\/wp-content\/uploads\/2022\/05\/20mei2020-scaled.jpg?resize=2048%2C1409&amp;ssl=1 2048w, https:\/\/i0.wp.com\/www.transitieboxtel.nl\/wp-content\/uploads\/2022\/05\/20mei2020-scaled.jpg?resize=624%2C429&amp;ssl=1 624w, https:\/\/i0.wp.com\/www.transitieboxtel.nl\/wp-content\/uploads\/2022\/05\/20mei2020-scaled.jpg?w=1250&amp;ssl=1 1250w, https:\/\/i0.wp.com\/www.transitieboxtel.nl\/wp-content\/uploads\/2022\/05\/20mei2020-scaled.jpg?w=1875&amp;ssl=1 1875w\" sizes=\"auto, (max-width: 625px) 100vw, 625px\" \/><\/p>\n<p><img data-recalc-dims=\"1\" loading=\"lazy\" decoding=\"async\" class=\"alignnone size-full wp-image-1399\" src=\"https:\/\/i0.wp.com\/www.transitieboxtel.nl\/wp-content\/uploads\/2022\/05\/17juni2020-scaled.jpg?resize=625%2C434&#038;ssl=1\" alt=\"\" width=\"625\" height=\"434\" srcset=\"https:\/\/i0.wp.com\/www.transitieboxtel.nl\/wp-content\/uploads\/2022\/05\/17juni2020-scaled.jpg?w=2560&amp;ssl=1 2560w, https:\/\/i0.wp.com\/www.transitieboxtel.nl\/wp-content\/uploads\/2022\/05\/17juni2020-scaled.jpg?resize=300%2C208&amp;ssl=1 300w, https:\/\/i0.wp.com\/www.transitieboxtel.nl\/wp-content\/uploads\/2022\/05\/17juni2020-scaled.jpg?resize=1024%2C710&amp;ssl=1 1024w, https:\/\/i0.wp.com\/www.transitieboxtel.nl\/wp-content\/uploads\/2022\/05\/17juni2020-scaled.jpg?resize=768%2C533&amp;ssl=1 768w, https:\/\/i0.wp.com\/www.transitieboxtel.nl\/wp-content\/uploads\/2022\/05\/17juni2020-scaled.jpg?resize=1536%2C1065&amp;ssl=1 1536w, https:\/\/i0.wp.com\/www.transitieboxtel.nl\/wp-content\/uploads\/2022\/05\/17juni2020-scaled.jpg?resize=2048%2C1421&amp;ssl=1 2048w, https:\/\/i0.wp.com\/www.transitieboxtel.nl\/wp-content\/uploads\/2022\/05\/17juni2020-scaled.jpg?resize=624%2C433&amp;ssl=1 624w, https:\/\/i0.wp.com\/www.transitieboxtel.nl\/wp-content\/uploads\/2022\/05\/17juni2020-scaled.jpg?w=1250&amp;ssl=1 1250w, https:\/\/i0.wp.com\/www.transitieboxtel.nl\/wp-content\/uploads\/2022\/05\/17juni2020-scaled.jpg?w=1875&amp;ssl=1 1875w\" sizes=\"auto, (max-width: 625px) 100vw, 625px\" \/><\/p>\n<p><img data-recalc-dims=\"1\" loading=\"lazy\" decoding=\"async\" class=\"alignnone size-full wp-image-1396\" src=\"https:\/\/i0.wp.com\/www.transitieboxtel.nl\/wp-content\/uploads\/2022\/05\/12aug2020-scaled.jpg?resize=625%2C431&#038;ssl=1\" alt=\"\" width=\"625\" height=\"431\" srcset=\"https:\/\/i0.wp.com\/www.transitieboxtel.nl\/wp-content\/uploads\/2022\/05\/12aug2020-scaled.jpg?w=2560&amp;ssl=1 2560w, https:\/\/i0.wp.com\/www.transitieboxtel.nl\/wp-content\/uploads\/2022\/05\/12aug2020-scaled.jpg?resize=300%2C207&amp;ssl=1 300w, https:\/\/i0.wp.com\/www.transitieboxtel.nl\/wp-content\/uploads\/2022\/05\/12aug2020-scaled.jpg?resize=1024%2C706&amp;ssl=1 1024w, https:\/\/i0.wp.com\/www.transitieboxtel.nl\/wp-content\/uploads\/2022\/05\/12aug2020-scaled.jpg?resize=768%2C530&amp;ssl=1 768w, https:\/\/i0.wp.com\/www.transitieboxtel.nl\/wp-content\/uploads\/2022\/05\/12aug2020-scaled.jpg?resize=1536%2C1060&amp;ssl=1 1536w, https:\/\/i0.wp.com\/www.transitieboxtel.nl\/wp-content\/uploads\/2022\/05\/12aug2020-scaled.jpg?resize=2048%2C1413&amp;ssl=1 2048w, https:\/\/i0.wp.com\/www.transitieboxtel.nl\/wp-content\/uploads\/2022\/05\/12aug2020-scaled.jpg?resize=624%2C430&amp;ssl=1 624w, https:\/\/i0.wp.com\/www.transitieboxtel.nl\/wp-content\/uploads\/2022\/05\/12aug2020-scaled.jpg?w=1250&amp;ssl=1 1250w, https:\/\/i0.wp.com\/www.transitieboxtel.nl\/wp-content\/uploads\/2022\/05\/12aug2020-scaled.jpg?w=1875&amp;ssl=1 1875w\" sizes=\"auto, (max-width: 625px) 100vw, 625px\" \/><\/p>\n<p><img data-recalc-dims=\"1\" loading=\"lazy\" decoding=\"async\" class=\"alignnone size-full wp-image-1403\" src=\"https:\/\/i0.wp.com\/www.transitieboxtel.nl\/wp-content\/uploads\/2022\/05\/23dec2020-scaled.jpg?resize=625%2C430&#038;ssl=1\" alt=\"\" width=\"625\" height=\"430\" srcset=\"https:\/\/i0.wp.com\/www.transitieboxtel.nl\/wp-content\/uploads\/2022\/05\/23dec2020-scaled.jpg?w=2560&amp;ssl=1 2560w, https:\/\/i0.wp.com\/www.transitieboxtel.nl\/wp-content\/uploads\/2022\/05\/23dec2020-scaled.jpg?resize=300%2C207&amp;ssl=1 300w, https:\/\/i0.wp.com\/www.transitieboxtel.nl\/wp-content\/uploads\/2022\/05\/23dec2020-scaled.jpg?resize=1024%2C705&amp;ssl=1 1024w, https:\/\/i0.wp.com\/www.transitieboxtel.nl\/wp-content\/uploads\/2022\/05\/23dec2020-scaled.jpg?resize=768%2C529&amp;ssl=1 768w, https:\/\/i0.wp.com\/www.transitieboxtel.nl\/wp-content\/uploads\/2022\/05\/23dec2020-scaled.jpg?resize=1536%2C1058&amp;ssl=1 1536w, https:\/\/i0.wp.com\/www.transitieboxtel.nl\/wp-content\/uploads\/2022\/05\/23dec2020-scaled.jpg?resize=2048%2C1410&amp;ssl=1 2048w, https:\/\/i0.wp.com\/www.transitieboxtel.nl\/wp-content\/uploads\/2022\/05\/23dec2020-scaled.jpg?resize=624%2C430&amp;ssl=1 624w, https:\/\/i0.wp.com\/www.transitieboxtel.nl\/wp-content\/uploads\/2022\/05\/23dec2020-scaled.jpg?w=1250&amp;ssl=1 1250w, https:\/\/i0.wp.com\/www.transitieboxtel.nl\/wp-content\/uploads\/2022\/05\/23dec2020-scaled.jpg?w=1875&amp;ssl=1 1875w\" sizes=\"auto, (max-width: 625px) 100vw, 625px\" \/><\/p>\n<p><img data-recalc-dims=\"1\" loading=\"lazy\" decoding=\"async\" class=\"alignnone size-full wp-image-1405\" src=\"https:\/\/i0.wp.com\/www.transitieboxtel.nl\/wp-content\/uploads\/2022\/05\/27jan2021-scaled.jpg?resize=625%2C432&#038;ssl=1\" alt=\"\" width=\"625\" height=\"432\" srcset=\"https:\/\/i0.wp.com\/www.transitieboxtel.nl\/wp-content\/uploads\/2022\/05\/27jan2021-scaled.jpg?w=2560&amp;ssl=1 2560w, https:\/\/i0.wp.com\/www.transitieboxtel.nl\/wp-content\/uploads\/2022\/05\/27jan2021-scaled.jpg?resize=300%2C207&amp;ssl=1 300w, https:\/\/i0.wp.com\/www.transitieboxtel.nl\/wp-content\/uploads\/2022\/05\/27jan2021-scaled.jpg?resize=1024%2C708&amp;ssl=1 1024w, https:\/\/i0.wp.com\/www.transitieboxtel.nl\/wp-content\/uploads\/2022\/05\/27jan2021-scaled.jpg?resize=768%2C531&amp;ssl=1 768w, https:\/\/i0.wp.com\/www.transitieboxtel.nl\/wp-content\/uploads\/2022\/05\/27jan2021-scaled.jpg?resize=1536%2C1062&amp;ssl=1 1536w, https:\/\/i0.wp.com\/www.transitieboxtel.nl\/wp-content\/uploads\/2022\/05\/27jan2021-scaled.jpg?resize=2048%2C1416&amp;ssl=1 2048w, https:\/\/i0.wp.com\/www.transitieboxtel.nl\/wp-content\/uploads\/2022\/05\/27jan2021-scaled.jpg?resize=624%2C431&amp;ssl=1 624w, https:\/\/i0.wp.com\/www.transitieboxtel.nl\/wp-content\/uploads\/2022\/05\/27jan2021-scaled.jpg?w=1250&amp;ssl=1 1250w, https:\/\/i0.wp.com\/www.transitieboxtel.nl\/wp-content\/uploads\/2022\/05\/27jan2021-scaled.jpg?w=1875&amp;ssl=1 1875w\" sizes=\"auto, (max-width: 625px) 100vw, 625px\" \/><\/p>\n<p><img data-recalc-dims=\"1\" loading=\"lazy\" decoding=\"async\" class=\"alignnone size-full wp-image-1400\" src=\"https:\/\/i0.wp.com\/www.transitieboxtel.nl\/wp-content\/uploads\/2022\/05\/17maart2021-scaled.jpg?resize=625%2C433&#038;ssl=1\" alt=\"\" width=\"625\" height=\"433\" srcset=\"https:\/\/i0.wp.com\/www.transitieboxtel.nl\/wp-content\/uploads\/2022\/05\/17maart2021-scaled.jpg?w=2560&amp;ssl=1 2560w, https:\/\/i0.wp.com\/www.transitieboxtel.nl\/wp-content\/uploads\/2022\/05\/17maart2021-scaled.jpg?resize=300%2C208&amp;ssl=1 300w, https:\/\/i0.wp.com\/www.transitieboxtel.nl\/wp-content\/uploads\/2022\/05\/17maart2021-scaled.jpg?resize=1024%2C709&amp;ssl=1 1024w, https:\/\/i0.wp.com\/www.transitieboxtel.nl\/wp-content\/uploads\/2022\/05\/17maart2021-scaled.jpg?resize=768%2C531&amp;ssl=1 768w, https:\/\/i0.wp.com\/www.transitieboxtel.nl\/wp-content\/uploads\/2022\/05\/17maart2021-scaled.jpg?resize=1536%2C1063&amp;ssl=1 1536w, https:\/\/i0.wp.com\/www.transitieboxtel.nl\/wp-content\/uploads\/2022\/05\/17maart2021-scaled.jpg?resize=2048%2C1417&amp;ssl=1 2048w, https:\/\/i0.wp.com\/www.transitieboxtel.nl\/wp-content\/uploads\/2022\/05\/17maart2021-scaled.jpg?resize=624%2C432&amp;ssl=1 624w, https:\/\/i0.wp.com\/www.transitieboxtel.nl\/wp-content\/uploads\/2022\/05\/17maart2021-scaled.jpg?w=1250&amp;ssl=1 1250w, https:\/\/i0.wp.com\/www.transitieboxtel.nl\/wp-content\/uploads\/2022\/05\/17maart2021-scaled.jpg?w=1875&amp;ssl=1 1875w\" sizes=\"auto, (max-width: 625px) 100vw, 625px\" \/><\/p>\n<p><img data-recalc-dims=\"1\" loading=\"lazy\" decoding=\"async\" class=\"alignnone size-full wp-image-1398\" src=\"https:\/\/i0.wp.com\/www.transitieboxtel.nl\/wp-content\/uploads\/2022\/05\/14april2021-scaled.jpg?resize=625%2C433&#038;ssl=1\" alt=\"\" width=\"625\" height=\"433\" srcset=\"https:\/\/i0.wp.com\/www.transitieboxtel.nl\/wp-content\/uploads\/2022\/05\/14april2021-scaled.jpg?w=2560&amp;ssl=1 2560w, https:\/\/i0.wp.com\/www.transitieboxtel.nl\/wp-content\/uploads\/2022\/05\/14april2021-scaled.jpg?resize=300%2C208&amp;ssl=1 300w, https:\/\/i0.wp.com\/www.transitieboxtel.nl\/wp-content\/uploads\/2022\/05\/14april2021-scaled.jpg?resize=1024%2C709&amp;ssl=1 1024w, https:\/\/i0.wp.com\/www.transitieboxtel.nl\/wp-content\/uploads\/2022\/05\/14april2021-scaled.jpg?resize=768%2C532&amp;ssl=1 768w, https:\/\/i0.wp.com\/www.transitieboxtel.nl\/wp-content\/uploads\/2022\/05\/14april2021-scaled.jpg?resize=1536%2C1063&amp;ssl=1 1536w, https:\/\/i0.wp.com\/www.transitieboxtel.nl\/wp-content\/uploads\/2022\/05\/14april2021-scaled.jpg?resize=2048%2C1418&amp;ssl=1 2048w, https:\/\/i0.wp.com\/www.transitieboxtel.nl\/wp-content\/uploads\/2022\/05\/14april2021-scaled.jpg?resize=624%2C432&amp;ssl=1 624w, https:\/\/i0.wp.com\/www.transitieboxtel.nl\/wp-content\/uploads\/2022\/05\/14april2021-scaled.jpg?w=1250&amp;ssl=1 1250w, https:\/\/i0.wp.com\/www.transitieboxtel.nl\/wp-content\/uploads\/2022\/05\/14april2021-scaled.jpg?w=1875&amp;ssl=1 1875w\" sizes=\"auto, (max-width: 625px) 100vw, 625px\" \/><\/p>\n<p><img data-recalc-dims=\"1\" loading=\"lazy\" decoding=\"async\" class=\"alignnone size-full wp-image-1397\" src=\"https:\/\/i0.wp.com\/www.transitieboxtel.nl\/wp-content\/uploads\/2022\/05\/12mei2021-scaled.jpg?resize=625%2C437&#038;ssl=1\" alt=\"\" width=\"625\" height=\"437\" srcset=\"https:\/\/i0.wp.com\/www.transitieboxtel.nl\/wp-content\/uploads\/2022\/05\/12mei2021-scaled.jpg?w=2560&amp;ssl=1 2560w, https:\/\/i0.wp.com\/www.transitieboxtel.nl\/wp-content\/uploads\/2022\/05\/12mei2021-scaled.jpg?resize=300%2C210&amp;ssl=1 300w, https:\/\/i0.wp.com\/www.transitieboxtel.nl\/wp-content\/uploads\/2022\/05\/12mei2021-scaled.jpg?resize=1024%2C716&amp;ssl=1 1024w, https:\/\/i0.wp.com\/www.transitieboxtel.nl\/wp-content\/uploads\/2022\/05\/12mei2021-scaled.jpg?resize=768%2C537&amp;ssl=1 768w, https:\/\/i0.wp.com\/www.transitieboxtel.nl\/wp-content\/uploads\/2022\/05\/12mei2021-scaled.jpg?resize=1536%2C1074&amp;ssl=1 1536w, https:\/\/i0.wp.com\/www.transitieboxtel.nl\/wp-content\/uploads\/2022\/05\/12mei2021-scaled.jpg?resize=2048%2C1432&amp;ssl=1 2048w, https:\/\/i0.wp.com\/www.transitieboxtel.nl\/wp-content\/uploads\/2022\/05\/12mei2021-scaled.jpg?resize=624%2C436&amp;ssl=1 624w, https:\/\/i0.wp.com\/www.transitieboxtel.nl\/wp-content\/uploads\/2022\/05\/12mei2021-scaled.jpg?w=1250&amp;ssl=1 1250w, https:\/\/i0.wp.com\/www.transitieboxtel.nl\/wp-content\/uploads\/2022\/05\/12mei2021-scaled.jpg?w=1875&amp;ssl=1 1875w\" sizes=\"auto, (max-width: 625px) 100vw, 625px\" \/><\/p>\n<p><img data-recalc-dims=\"1\" loading=\"lazy\" decoding=\"async\" class=\"alignnone size-full wp-image-1394\" src=\"https:\/\/i0.wp.com\/www.transitieboxtel.nl\/wp-content\/uploads\/2022\/05\/9juni2021-scaled.jpg?resize=625%2C436&#038;ssl=1\" alt=\"\" width=\"625\" height=\"436\" srcset=\"https:\/\/i0.wp.com\/www.transitieboxtel.nl\/wp-content\/uploads\/2022\/05\/9juni2021-scaled.jpg?w=2560&amp;ssl=1 2560w, https:\/\/i0.wp.com\/www.transitieboxtel.nl\/wp-content\/uploads\/2022\/05\/9juni2021-scaled.jpg?resize=300%2C209&amp;ssl=1 300w, https:\/\/i0.wp.com\/www.transitieboxtel.nl\/wp-content\/uploads\/2022\/05\/9juni2021-scaled.jpg?resize=1024%2C715&amp;ssl=1 1024w, https:\/\/i0.wp.com\/www.transitieboxtel.nl\/wp-content\/uploads\/2022\/05\/9juni2021-scaled.jpg?resize=768%2C536&amp;ssl=1 768w, https:\/\/i0.wp.com\/www.transitieboxtel.nl\/wp-content\/uploads\/2022\/05\/9juni2021-scaled.jpg?resize=1536%2C1072&amp;ssl=1 1536w, https:\/\/i0.wp.com\/www.transitieboxtel.nl\/wp-content\/uploads\/2022\/05\/9juni2021-scaled.jpg?resize=2048%2C1429&amp;ssl=1 2048w, https:\/\/i0.wp.com\/www.transitieboxtel.nl\/wp-content\/uploads\/2022\/05\/9juni2021-scaled.jpg?resize=624%2C435&amp;ssl=1 624w, https:\/\/i0.wp.com\/www.transitieboxtel.nl\/wp-content\/uploads\/2022\/05\/9juni2021-scaled.jpg?w=1250&amp;ssl=1 1250w, https:\/\/i0.wp.com\/www.transitieboxtel.nl\/wp-content\/uploads\/2022\/05\/9juni2021-scaled.jpg?w=1875&amp;ssl=1 1875w\" sizes=\"auto, (max-width: 625px) 100vw, 625px\" \/><\/p>\n<p><img data-recalc-dims=\"1\" loading=\"lazy\" decoding=\"async\" class=\"alignnone size-full wp-image-1402\" src=\"https:\/\/i0.wp.com\/www.transitieboxtel.nl\/wp-content\/uploads\/2022\/05\/21juli2021-scaled.jpg?resize=625%2C404&#038;ssl=1\" alt=\"\" width=\"625\" height=\"404\" srcset=\"https:\/\/i0.wp.com\/www.transitieboxtel.nl\/wp-content\/uploads\/2022\/05\/21juli2021-scaled.jpg?w=2560&amp;ssl=1 2560w, https:\/\/i0.wp.com\/www.transitieboxtel.nl\/wp-content\/uploads\/2022\/05\/21juli2021-scaled.jpg?resize=300%2C194&amp;ssl=1 300w, https:\/\/i0.wp.com\/www.transitieboxtel.nl\/wp-content\/uploads\/2022\/05\/21juli2021-scaled.jpg?resize=1024%2C661&amp;ssl=1 1024w, https:\/\/i0.wp.com\/www.transitieboxtel.nl\/wp-content\/uploads\/2022\/05\/21juli2021-scaled.jpg?resize=768%2C496&amp;ssl=1 768w, https:\/\/i0.wp.com\/www.transitieboxtel.nl\/wp-content\/uploads\/2022\/05\/21juli2021-scaled.jpg?resize=1536%2C992&amp;ssl=1 1536w, https:\/\/i0.wp.com\/www.transitieboxtel.nl\/wp-content\/uploads\/2022\/05\/21juli2021-scaled.jpg?resize=2048%2C1322&amp;ssl=1 2048w, https:\/\/i0.wp.com\/www.transitieboxtel.nl\/wp-content\/uploads\/2022\/05\/21juli2021-scaled.jpg?resize=624%2C403&amp;ssl=1 624w, https:\/\/i0.wp.com\/www.transitieboxtel.nl\/wp-content\/uploads\/2022\/05\/21juli2021-scaled.jpg?w=1250&amp;ssl=1 1250w, https:\/\/i0.wp.com\/www.transitieboxtel.nl\/wp-content\/uploads\/2022\/05\/21juli2021-scaled.jpg?w=1875&amp;ssl=1 1875w\" sizes=\"auto, (max-width: 625px) 100vw, 625px\" \/><\/p>\n<p><img data-recalc-dims=\"1\" loading=\"lazy\" decoding=\"async\" class=\"alignnone size-full wp-image-1395\" src=\"https:\/\/i0.wp.com\/www.transitieboxtel.nl\/wp-content\/uploads\/2022\/05\/11augustus2021-scaled.jpg?resize=625%2C433&#038;ssl=1\" alt=\"\" width=\"625\" height=\"433\" srcset=\"https:\/\/i0.wp.com\/www.transitieboxtel.nl\/wp-content\/uploads\/2022\/05\/11augustus2021-scaled.jpg?w=2560&amp;ssl=1 2560w, https:\/\/i0.wp.com\/www.transitieboxtel.nl\/wp-content\/uploads\/2022\/05\/11augustus2021-scaled.jpg?resize=300%2C208&amp;ssl=1 300w, https:\/\/i0.wp.com\/www.transitieboxtel.nl\/wp-content\/uploads\/2022\/05\/11augustus2021-scaled.jpg?resize=1024%2C710&amp;ssl=1 1024w, https:\/\/i0.wp.com\/www.transitieboxtel.nl\/wp-content\/uploads\/2022\/05\/11augustus2021-scaled.jpg?resize=768%2C532&amp;ssl=1 768w, https:\/\/i0.wp.com\/www.transitieboxtel.nl\/wp-content\/uploads\/2022\/05\/11augustus2021-scaled.jpg?resize=1536%2C1065&amp;ssl=1 1536w, https:\/\/i0.wp.com\/www.transitieboxtel.nl\/wp-content\/uploads\/2022\/05\/11augustus2021-scaled.jpg?resize=2048%2C1420&amp;ssl=1 2048w, https:\/\/i0.wp.com\/www.transitieboxtel.nl\/wp-content\/uploads\/2022\/05\/11augustus2021-scaled.jpg?resize=624%2C433&amp;ssl=1 624w, https:\/\/i0.wp.com\/www.transitieboxtel.nl\/wp-content\/uploads\/2022\/05\/11augustus2021-scaled.jpg?w=1250&amp;ssl=1 1250w, https:\/\/i0.wp.com\/www.transitieboxtel.nl\/wp-content\/uploads\/2022\/05\/11augustus2021-scaled.jpg?w=1875&amp;ssl=1 1875w\" sizes=\"auto, (max-width: 625px) 100vw, 625px\" \/><\/p>\n<p>&nbsp;<\/p>\n<h2><strong>\u00a0<\/strong><\/h2>\n","protected":false},"excerpt":{"rendered":"<p>Van de \u2018Dag van de Duurzaamheid\u2019 naar een \u2018Duurzaam Jaar\u2019 Eerst organiseerden we als Transitie Boxtel een aantal jaren de \u2018Dag van de Duurzaamheid\u2019. Dat was steeds op 10 oktober,&#8230; <a href=\"https:\/\/www.transitieboxtel.nl\/?page_id=998\">Lees verder &raquo;<\/a><\/p>\n","protected":false},"author":1,"featured_media":0,"parent":270,"menu_order":6,"comment_status":"closed","ping_status":"closed","template":"","meta":{"footnotes":""},"class_list":["post-998","page","type-page","status-publish","hentry"],"jetpack_shortlink":"https:\/\/wp.me\/Pao4pt-g6","jetpack-related-posts":[],"jetpack_sharing_enabled":true,"_links":{"self":[{"href":"https:\/\/www.transitieboxtel.nl\/index.php?rest_route=\/wp\/v2\/pages\/998","targetHints":{"allow":["GET"]}}],"collection":[{"href":"https:\/\/www.transitieboxtel.nl\/index.php?rest_route=\/wp\/v2\/pages"}],"about":[{"href":"https:\/\/www.transitieboxtel.nl\/index.php?rest_route=\/wp\/v2\/types\/page"}],"author":[{"embeddable":true,"href":"https:\/\/www.transitieboxtel.nl\/index.php?rest_route=\/wp\/v2\/users\/1"}],"replies":[{"embeddable":true,"href":"https:\/\/www.transitieboxtel.nl\/index.php?rest_route=%2Fwp%2Fv2%2Fcomments&post=998"}],"version-history":[{"count":36,"href":"https:\/\/www.transitieboxtel.nl\/index.php?rest_route=\/wp\/v2\/pages\/998\/revisions"}],"predecessor-version":[{"id":1409,"href":"https:\/\/www.transitieboxtel.nl\/index.php?rest_route=\/wp\/v2\/pages\/998\/revisions\/1409"}],"up":[{"embeddable":true,"href":"https:\/\/www.transitieboxtel.nl\/index.php?rest_route=\/wp\/v2\/pages\/270"}],"wp:attachment":[{"href":"https:\/\/www.transitieboxtel.nl\/index.php?rest_route=%2Fwp%2Fv2%2Fmedia&parent=998"}],"curies":[{"name":"wp","href":"https:\/\/api.w.org\/{rel}","templated":true}]}}